{"id":9,"date":"2022-04-08T13:46:00","date_gmt":"2022-04-08T13:46:00","guid":{"rendered":"http:\/\/cleverpilotladder.com\/?page_id=9"},"modified":"2022-11-10T21:02:06","modified_gmt":"2022-11-10T21:02:06","slug":"about","status":"publish","type":"page","link":"https:\/\/cleverpilotladder.com\/index.php\/about\/","title":{"rendered":"About us"},"content":{"rendered":"\n<div class=\"wp-block-group is-layout-flow wp-block-group-is-layout-flow\"><div class=\"wp-block-group__inner-container\">\n<div class=\"wp-block-columns is-layout-flex wp-container-7 wp-block-columns-is-layout-flex\">\n<div class=\"wp-block-column is-layout-flow wp-block-column-is-layout-flow\" style=\"flex-basis:100%\">\n<div class=\"wp-block-columns is-layout-flex wp-container-5 wp-block-columns-is-layout-flex\">\n<div class=\"wp-block-column is-layout-flow wp-block-column-is-layout-flow\" style=\"flex-basis:100%\">\n<div class=\"wp-block-columns is-layout-flex wp-container-3 wp-block-columns-is-layout-flex\">\n<div class=\"wp-block-column is-layout-flow wp-block-column-is-layout-flow\">\n<p>Nuestra organizaci\u00f3n ha estado dentro del gremio del sector mar\u00edtimo por m\u00e1s de 20 a\u00f1os. En nuestra casa matriz&nbsp;<strong><a href=\"https:\/\/clevershipsupply.com\/\">Clever Ship Supply<\/a><\/strong>, hemos atendido m\u00e1s de 3.000 buques de todo tipo. Adem\u00e1s, hemos sido part\u00edcipes de suministrar y servir cualquier solicitud por parte del cliente, manteniendo la transparencia, seguridad y calidad en cada uno de nuestros procesos.<\/p>\n\n\n\n<p>Por esta raz\u00f3n, nuestra segunda compa\u00f1\u00eda denominada\u00a0<strong>Clever Pilot Ladder<\/strong>, ha puesto en marcha la fabricaci\u00f3n y comercializaci\u00f3n de <strong>escaleras de piloto<\/strong> <strong>certificadas<\/strong>. Manteniendo la conformidad de est\u00e1ndares de calidad y promoviendo la mejora continua de equipos marinos en <strong>Colombia<\/strong>.<\/p>\n\n\n\n<p>Siendo as\u00ed la primera y \u00fanica empresa en <strong>Colombia<\/strong> autorizada para fabricar y comercializar <strong>escaleras de piloto<\/strong> bajo los est\u00e1ndares y condiciones que cada buque debe preservar para la seguridad de la vida humana en el mar.<\/p>\n<\/div>\n\n\n\n<div class=\"wp-block-column is-layout-flow wp-block-column-is-layout-flow\">\n<p>Our organization has been within the maritime sector guild for more than 20 years. At our headquarters <a href=\"https:\/\/clevershipsupply.com\/\" data-type=\"URL\" data-id=\"https:\/\/clevershipsupply.com\/\"><strong>Clever Ship Supply<\/strong><\/a>, we have served more than 3,000 vessels of all types. In addition, we have been involved in supplying and serving any request from the client, maintaining transparency, security and quality in each of our processes.<\/p>\n\n\n\n<p>For this reason, our second company called <strong>Clever Pilot Ladder<\/strong>, has launched the manufacture and commercialization of <strong>certified<\/strong> <strong>pilot ladders<\/strong>. Maintaining compliance with quality standards and promoting the continuous improvement of marine equipment in <strong>Colombia<\/strong>.<\/p>\n\n\n\n<p>Being thus the first and only company in <strong>Colombia<\/strong> authorized to manufacture and market <strong>pilot ladders<\/strong> under the standards and conditions that each ship must preserve for the safety of human life at sea.<\/p>\n<\/div>\n<\/div>\n<\/div>\n<\/div>\n<\/div>\n<\/div>\n<\/div><\/div>\n","protected":false},"excerpt":{"rendered":"<p>Nuestra organizaci\u00f3n ha estado dentro del gremio del sector mar\u00edtimo por m\u00e1s de 20 a\u00f1os. En nuestra casa matriz&nbsp;Clever Ship Supply, hemos atendido m\u00e1s de 3.000 buques de todo tipo. Adem\u00e1s, hemos sido part\u00edcipes de suministrar y servir cualquier solicitud por parte del cliente, manteniendo la transparencia, seguridad y calidad en cada uno de nuestros &hellip; <\/p>\n<p class=\"link-more\"><a href=\"https:\/\/cleverpilotladder.com\/index.php\/about\/\" class=\"more-link\">Leer m\u00e1s<span class=\"screen-reader-text\"> \u00abAbout us\u00bb<\/span><\/a><\/p>\n","protected":false},"author":1,"featured_media":3573,"parent":0,"menu_order":0,"comment_status":"closed","ping_status":"closed","template":"","meta":{"om_disable_all_campaigns":false,"footnotes":""},"_links":{"self":[{"href":"https:\/\/cleverpilotladder.com\/index.php\/wp-json\/wp\/v2\/pages\/9"}],"collection":[{"href":"https:\/\/cleverpilotladder.com\/index.php\/wp-json\/wp\/v2\/pages"}],"about":[{"href":"https:\/\/cleverpilotladder.com\/index.php\/wp-json\/wp\/v2\/types\/page"}],"author":[{"embeddable":true,"href":"https:\/\/cleverpilotladder.com\/index.php\/wp-json\/wp\/v2\/users\/1"}],"replies":[{"embeddable":true,"href":"https:\/\/cleverpilotladder.com\/index.php\/wp-json\/wp\/v2\/comments?post=9"}],"version-history":[{"count":25,"href":"https:\/\/cleverpilotladder.com\/index.php\/wp-json\/wp\/v2\/pages\/9\/revisions"}],"predecessor-version":[{"id":3666,"href":"https:\/\/cleverpilotladder.com\/index.php\/wp-json\/wp\/v2\/pages\/9\/revisions\/3666"}],"wp:featuredmedia":[{"embeddable":true,"href":"https:\/\/cleverpilotladder.com\/index.php\/wp-json\/wp\/v2\/media\/3573"}],"wp:attachment":[{"href":"https:\/\/cleverpilotladder.com\/index.php\/wp-json\/wp\/v2\/media?parent=9"}],"curies":[{"name":"wp","href":"https:\/\/api.w.org\/{rel}","templated":true}]}}